{"id":7638,"date":"2025-01-10T10:05:58","date_gmt":"2025-01-10T08:05:58","guid":{"rendered":"https:\/\/steconomice.uoradea.ro\/?page_id=7638"},"modified":"2026-03-24T18:33:10","modified_gmt":"2026-03-24T16:33:10","slug":"mesajul-decanului","status":"publish","type":"page","link":"https:\/\/steconomice.uoradea.ro\/de\/mesajul-decanului\/","title":{"rendered":"Mesajul decanului"},"content":{"rendered":"<div data-elementor-type=\"wp-page\" data-elementor-id=\"7638\" class=\"elementor elementor-7638\" data-elementor-post-type=\"page\">\n\t\t\t\t<div class=\"elementor-element elementor-element-d6dfca2 e-flex e-con-boxed e-con e-parent\" data-id=\"d6dfca2\" data-element_type=\"container\" data-settings=\"{&quot;background_background&quot;:&quot;classic&quot;}\">\n\t\t\t\t\t<div class=\"e-con-inner\">\n\t\t\t\t<div class=\"elementor-element elementor-element-468eef3 elementor-widget elementor-widget-ova_heading\" data-id=\"468eef3\" data-element_type=\"widget\" data-widget_type=\"ova_heading.default\">\n\t\t\t\t<div class=\"elementor-widget-container\">\n\t\t\t\t\t\t\t<div class=\"ova-heading\">\n\t\t\t\n\t\t\t\t\t\t\t<h1 class=\"title second_font\">Botschaft des Dekans<\/h1>\n\t\t\t\n\t\t\t\n\t\t<\/div>\n\t\t\t\t\t\t<\/div>\n\t\t\t\t<\/div>\n\t\t\t\t\t<\/div>\n\t\t\t\t<\/div>\n\t\t<div class=\"elementor-element elementor-element-e74d914 e-flex e-con-boxed e-con e-parent\" data-id=\"e74d914\" data-element_type=\"container\">\n\t\t\t\t\t<div class=\"e-con-inner\">\n\t\t<div class=\"elementor-element elementor-element-8499ae4 e-grid e-con-full e-con e-child\" data-id=\"8499ae4\" data-element_type=\"container\">\n\t\t\t\t<div class=\"elementor-element elementor-element-24f0d15 elementor-widget elementor-widget-image\" data-id=\"24f0d15\" data-element_type=\"widget\" data-widget_type=\"image.default\">\n\t\t\t\t<div class=\"elementor-widget-container\">\n\t\t\t\t\t\t\t\t\t\t\t\t\t\t\t<img fetchpriority=\"high\" decoding=\"async\" width=\"420\" height=\"420\" src=\"https:\/\/steconomice.uoradea.ro\/wp-content\/uploads\/2020\/07\/Container-16.png\" class=\"attachment-large size-large wp-image-6601\" alt=\"\" srcset=\"https:\/\/steconomice.uoradea.ro\/wp-content\/uploads\/2020\/07\/Container-16.png 420w, https:\/\/steconomice.uoradea.ro\/wp-content\/uploads\/2020\/07\/Container-16-300x300.png 300w, https:\/\/steconomice.uoradea.ro\/wp-content\/uploads\/2020\/07\/Container-16-150x150.png 150w, https:\/\/steconomice.uoradea.ro\/wp-content\/uploads\/2020\/07\/Container-16-12x12.png 12w\" sizes=\"(max-width: 420px) 100vw, 420px\" \/>\t\t\t\t\t\t\t\t\t\t\t\t\t\t\t<\/div>\n\t\t\t\t<\/div>\n\t\t<div class=\"elementor-element elementor-element-345a672 e-con-full e-flex e-con e-child\" data-id=\"345a672\" data-element_type=\"container\">\n\t\t\t\t<div class=\"elementor-element elementor-element-1a9fc01 elementor-widget elementor-widget-heading\" data-id=\"1a9fc01\" data-element_type=\"widget\" data-widget_type=\"heading.default\">\n\t\t\t\t<div class=\"elementor-widget-container\">\n\t\t\t\t\t<h2 class=\"elementor-heading-title elementor-size-default\">Prof. Dr. habil. Claudia-Diana Sab\u0103u-Popa\n\n<\/h2>\t\t\t\t<\/div>\n\t\t\t\t<\/div>\n\t\t\t\t<div class=\"elementor-element elementor-element-11b6e87 elementor-widget elementor-widget-heading\" data-id=\"11b6e87\" data-element_type=\"widget\" data-widget_type=\"heading.default\">\n\t\t\t\t<div class=\"elementor-widget-container\">\n\t\t\t\t\t<h2 class=\"elementor-heading-title elementor-size-default\">Dekan der Wirtschaftswissenschaftlichen Fakult\u00e4t<\/h2>\t\t\t\t<\/div>\n\t\t\t\t<\/div>\n\t\t\t\t<div class=\"elementor-element elementor-element-c2506af elementor-widget elementor-widget-heading\" data-id=\"c2506af\" data-element_type=\"widget\" data-widget_type=\"heading.default\">\n\t\t\t\t<div class=\"elementor-widget-container\">\n\t\t\t\t\t<h2 class=\"elementor-heading-title elementor-size-default\">Abteilung f\u00fcr Finanzwesen und Buchhaltung\n\n<\/h2>\t\t\t\t<\/div>\n\t\t\t\t<\/div>\n\t\t\t\t<div class=\"elementor-element elementor-element-35dae87 elementor-widget-divider--view-line elementor-widget elementor-widget-divider\" data-id=\"35dae87\" data-element_type=\"widget\" data-widget_type=\"divider.default\">\n\t\t\t\t<div class=\"elementor-widget-container\">\n\t\t\t\t\t\t\t<div class=\"elementor-divider\">\n\t\t\t<span class=\"elementor-divider-separator\">\n\t\t\t\t\t\t<\/span>\n\t\t<\/div>\n\t\t\t\t\t\t<\/div>\n\t\t\t\t<\/div>\n\t\t\t\t<div class=\"elementor-element elementor-element-60dc5c8 elementor-widget-tablet__width-inherit elementor-widget elementor-widget-ova_contact_info\" data-id=\"60dc5c8\" data-element_type=\"widget\" data-widget_type=\"ova_contact_info.default\">\n\t\t\t\t<div class=\"elementor-widget-container\">\n\t\t\t\t\t\t\t<div class=\"ova-contact-info type1\">\n\n\t\t\t<div class=\"icon\">\n\t\t\t\t<i class=\"fas fa-solid fa-book\"><\/i>\t\t\t<\/div>\n\n\t\t\t\t\t\t\t<div class=\"address\">\n\t\t\t\t\t\t\t\t\t\t\t\t\t\t\t<span class=\"text_link\">Erfahrung: 20 Jahre  <span>20 ani<\/span><\/span>\n\t\t\t\t<\/div>\n\t\t\t\t\t\t\n\t\t<\/div>\n\t\t\t\t\t\t<\/div>\n\t\t\t\t<\/div>\n\t\t\t\t<div class=\"elementor-element elementor-element-cece853 elementor-widget-tablet__width-inherit elementor-widget elementor-widget-ova_contact_info\" data-id=\"cece853\" data-element_type=\"widget\" data-widget_type=\"ova_contact_info.default\">\n\t\t\t\t<div class=\"elementor-widget-container\">\n\t\t\t\t\t\t\t<div class=\"ova-contact-info type1\">\n\n\t\t\t<div class=\"icon\">\n\t\t\t\t<i class=\"fas fa-envelope\"><\/i>\t\t\t<\/div>\n\n\t\t\t\t\t\t\t<div class=\"address\">\n\t\t\t\t\t\t\t\t\t\t\t\t\t\t\t<span class=\"text_link\"><a href='mailto:mailto:dpopa@uoradea.ro'>E-Mail <span>dpopa@uoradea.ro<\/span><\/a><\/span>\n\t\t\t\t<\/div>\n\t\t\t\t\t\t\n\t\t<\/div>\n\t\t\t\t\t\t<\/div>\n\t\t\t\t<\/div>\n\t\t\t\t<div class=\"elementor-element elementor-element-5146de1 elementor-widget-tablet__width-inherit elementor-widget elementor-widget-ova_contact_info\" data-id=\"5146de1\" data-element_type=\"widget\" data-widget_type=\"ova_contact_info.default\">\n\t\t\t\t<div class=\"elementor-widget-container\">\n\t\t\t\t\t\t\t<div class=\"ova-contact-info type1\">\n\n\t\t\t<div class=\"icon\">\n\t\t\t\t<i class=\"fas fa-solid fa-address-card\"><\/i>\t\t\t<\/div>\n\n\t\t\t\t\t\t\t<div class=\"address\">\n\t\t\t\t\t\t\t\t\t\t\t\t\t\t\t<span class=\"text_link\"><a href='mailto:http:\/\/steconomice.uoradea.ro\/wp-content\/uploads\/2025\/09\/CV-Diana-Sabau-Popa_2025-1.pdf'> <span>Lebenslauf<\/span><\/a><\/span>\n\t\t\t\t<\/div>\n\t\t\t\t\t\t\n\t\t<\/div>\n\t\t\t\t\t\t<\/div>\n\t\t\t\t<\/div>\n\t\t\t\t<\/div>\n\t\t<div class=\"elementor-element elementor-element-cb582ac e-con-full e-flex e-con e-child\" data-id=\"cb582ac\" data-element_type=\"container\">\n\t\t\t\t<div class=\"elementor-element elementor-element-30bcd66 elementor-widget elementor-widget-text-editor\" data-id=\"30bcd66\" data-element_type=\"widget\" data-widget_type=\"text-editor.default\">\n\t\t\t\t<div class=\"elementor-widget-container\">\n\t\t\t\t\t\t\t\t\t<p>Unsere Fakult\u00e4t bildet Fachleute in Bereichen wie internationale Handelsbeziehungen, Buchhaltung, Wirtschaftswissenschaft, Finanzwesen, Marketing und Management aus und tr\u00e4gt so zur Entwicklung der Gemeinschaft bei.<\/p>\t\t\t\t\t\t\t\t<\/div>\n\t\t\t\t<\/div>\n\t\t\t\t<div class=\"elementor-element elementor-element-b04f46f elementor-widget elementor-widget-text-editor\" data-id=\"b04f46f\" data-element_type=\"widget\" data-widget_type=\"text-editor.default\">\n\t\t\t\t<div class=\"elementor-widget-container\">\n\t\t\t\t\t\t\t\t\tSchlie\u00dfen Sie sich der Wirtschaftswissenschaftlichen Fakult\u00e4t an und nutzen Sie die angebotenen M\u00f6glichkeiten und Projekte, um sich kontinuierlich weiterzuentwickeln und sich eine Zukunft in diesem Bereich aufzubauen.\t\t\t\t\t\t\t\t<\/div>\n\t\t\t\t<\/div>\n\t\t\t\t<div class=\"elementor-element elementor-element-77f2531 elementor-widget elementor-widget-image\" data-id=\"77f2531\" data-element_type=\"widget\" data-widget_type=\"image.default\">\n\t\t\t\t<div class=\"elementor-widget-container\">\n\t\t\t\t\t\t\t\t\t\t\t\t\t\t\t<img decoding=\"async\" width=\"1024\" height=\"500\" src=\"https:\/\/steconomice.uoradea.ro\/wp-content\/uploads\/2025\/01\/FSE-UO-Diana-Sabau-Popa2.png\" class=\"attachment-full size-full wp-image-7876\" alt=\"\" srcset=\"https:\/\/steconomice.uoradea.ro\/wp-content\/uploads\/2025\/01\/FSE-UO-Diana-Sabau-Popa2.png 1024w, https:\/\/steconomice.uoradea.ro\/wp-content\/uploads\/2025\/01\/FSE-UO-Diana-Sabau-Popa2-300x146.png 300w, https:\/\/steconomice.uoradea.ro\/wp-content\/uploads\/2025\/01\/FSE-UO-Diana-Sabau-Popa2-768x375.png 768w, https:\/\/steconomice.uoradea.ro\/wp-content\/uploads\/2025\/01\/FSE-UO-Diana-Sabau-Popa2-18x9.png 18w, https:\/\/steconomice.uoradea.ro\/wp-content\/uploads\/2025\/01\/FSE-UO-Diana-Sabau-Popa2-600x293.png 600w, https:\/\/steconomice.uoradea.ro\/wp-content\/uploads\/2025\/01\/FSE-UO-Diana-Sabau-Popa2-560x273.png 560w\" sizes=\"(max-width: 1024px) 100vw, 1024px\" \/>\t\t\t\t\t\t\t\t\t\t\t\t\t\t\t<\/div>\n\t\t\t\t<\/div>\n\t\t\t\t<\/div>\n\t\t\t\t<\/div>\n\t\t\t\t\t<\/div>\n\t\t\t\t<\/div>\n\t\t<div class=\"elementor-element elementor-element-cb0a657 e-flex e-con-boxed e-con e-parent\" data-id=\"cb0a657\" data-element_type=\"container\">\n\t\t\t\t\t<div class=\"e-con-inner\">\n\t\t<div class=\"elementor-element elementor-element-2753d91 e-con-full e-flex e-con e-child\" data-id=\"2753d91\" data-element_type=\"container\">\n\t\t\t\t<div class=\"elementor-element elementor-element-2ef0772 elementor-widget elementor-widget-heading\" data-id=\"2ef0772\" data-element_type=\"widget\" data-widget_type=\"heading.default\">\n\t\t\t\t<div class=\"elementor-widget-container\">\n\t\t\t\t\t<h2 class=\"elementor-heading-title elementor-size-default\">Botschaft des Dekans<\/h2>\t\t\t\t<\/div>\n\t\t\t\t<\/div>\n\t\t\t\t<div class=\"elementor-element elementor-element-a78e998 elementor-widget elementor-widget-text-editor\" data-id=\"a78e998\" data-element_type=\"widget\" data-widget_type=\"text-editor.default\">\n\t\t\t\t<div class=\"elementor-widget-container\">\n\t\t\t\t\t\t\t\t\t<p><strong>Liebe Studenten, Kollegen und Partner der Wirtschaftswissenschaftlichen Fakult\u00e4t<\/strong><\/p><p>Die Wirtschaftswissenschaftliche Fakult\u00e4t der Universit\u00e4t von Oradea zeichnet sich durch eine solide Tradition in der Ausbildung hochqualifizierter Fachkr\u00e4fte in den Bereichen internationale Handelsbeziehungen, Buchhaltung, Wirtschaftswissenschaft, Finanzwesen, Marketing und Management aus und tr\u00e4gt so zur wirtschaftlichen und sozialen Entwicklung der regionalen, nationalen und europ\u00e4ischen Gemeinschaft bei.<\/p>\t\t\t\t\t\t\t\t<\/div>\n\t\t\t\t<\/div>\n\t\t\t\t<div class=\"elementor-element elementor-element-579dd7b elementor-widget elementor-widget-text-editor\" data-id=\"579dd7b\" data-element_type=\"widget\" data-widget_type=\"text-editor.default\">\n\t\t\t\t<div class=\"elementor-widget-container\">\n\t\t\t\t\t\t\t\t\t<p>Die Mission unserer Fakult\u00e4t basiert auf der Steigerung der Qualit\u00e4t des von unseren Lehrkr\u00e4ften gef\u00fchrten Bildungsprozesses und auf der St\u00e4rkung der Partnerschaft von Fakult\u00e4t, Studierenden und Wirtschaft, um die Attraktivit\u00e4t und Anpassungsf\u00e4higkeit des Bildungsangebots an die Anforderungen des sich st\u00e4ndig wandelnden Arbeitsmarktes sicherzustellen. Die Wirtschaftswissenschaftliche Fakult\u00e4t ist stolz auf ihre soliden Partnerschaften sowohl mit Einrichtungen aus dem wirtschaftlichen und sozialen Bereich als auch mit anderen Universit\u00e4ten und Forschungsinstituten im In- und Ausland, durch die sie ihren Studierenden ausgezeichnete M\u00f6glichkeiten f\u00fcr Praktikum\/Internships\/Studienaufenthalte im In- und Ausland bietet, die durch das Erasmus+-Programm finanziert werden.<\/p>\t\t\t\t\t\t\t\t<\/div>\n\t\t\t\t<\/div>\n\t\t\t\t<div class=\"elementor-element elementor-element-4564a76 elementor-widget elementor-widget-text-editor\" data-id=\"4564a76\" data-element_type=\"widget\" data-widget_type=\"text-editor.default\">\n\t\t\t\t<div class=\"elementor-widget-container\">\n\t\t\t\t\t\t\t\t\t<p>Die Wirtschaftswissenschaftliche Fakult\u00e4t betreut im Oktober 2024 \u00fcber 1500 Studierende und verf\u00fcgt \u00fcber ein sehr reichhaltiges und sich st\u00e4ndig entwickelndes Bildungsangebot:<\/p>\t\t\t\t\t\t\t\t<\/div>\n\t\t\t\t<\/div>\n\t\t<div class=\"elementor-element elementor-element-8012af2 e-con-full e-grid e-con e-child\" data-id=\"8012af2\" data-element_type=\"container\">\n\t\t<div class=\"elementor-element elementor-element-35d3cde e-con-full e-flex e-con e-child\" data-id=\"35d3cde\" data-element_type=\"container\">\n\t\t\t\t<div class=\"elementor-element elementor-element-b91cea9 elementor-widget__width-inherit elementor-widget-tablet__width-initial elementor-widget elementor-widget-ova_education\" data-id=\"b91cea9\" data-element_type=\"widget\" data-widget_type=\"ova_education.default\">\n\t\t\t\t<div class=\"elementor-widget-container\">\n\t\t\t\t\t\t\t<div class=\"ova-education\">\n\t\t\t<div class=\"dot-education\">\n\t\t\t\t<span><\/span>\n\t\t\t<\/div>\n\t\t\t<div class=\"content-education\">\n\t\t\t\t\t\t\t\t\t<h3 class=\"time\">\n\t\t\t\t\t\t8 Studieng\u00e4nge\t\t\t\t\t<\/h3>\n\t\t\t\t\n\t\t\t\t\t\t\t\t\t\t\t\t\t<p class=\"college\">\n\t\t\t\t\t\tals Bachelor-Studiengang akkreditiert (6 in rum\u00e4nischer Sprache und 2 in englischer Sprache), sowohl als Tageskurse (TK) als auch im Fernunterricht (FU): Internationale Handelsbeziehungen, Buchhaltung und Wirtschaftsinformatik, Handels-, Tourismus- und Dienstleistungswirtschaft, Finanz- und Bankwesen, Management, Marketing, Betriebswirtschaft, International Business;\t\t\t\t\t<\/p>\n\t\t\t\t\t\t\t<\/div>\n\n\t\t<\/div>\n\t\t\t\t\t\t<\/div>\n\t\t\t\t<\/div>\n\t\t\t\t<\/div>\n\t\t\t\t<div class=\"elementor-element elementor-element-cb6dc00 elementor-widget__width-inherit elementor-widget-tablet__width-initial elementor-widget elementor-widget-ova_education\" data-id=\"cb6dc00\" data-element_type=\"widget\" data-widget_type=\"ova_education.default\">\n\t\t\t\t<div class=\"elementor-widget-container\">\n\t\t\t\t\t\t\t<div class=\"ova-education\">\n\t\t\t<div class=\"dot-education\">\n\t\t\t\t<span><\/span>\n\t\t\t<\/div>\n\t\t\t<div class=\"content-education\">\n\t\t\t\t\t\t\t\t\t<h3 class=\"time\">\n\t\t\t\t\t\t12 akkreditierte Masterstudieng\u00e4nge\t\t\t\t\t<\/h3>\n\t\t\t\t\n\t\t\t\t\t\t\t\t\t\t\t\t\t<p class=\"college\">\n\t\t\t\t\t\t(9 in rum\u00e4nischer Sprache und 3 in englischer Sprache): Verwaltung der In- und Auslandsgesch\u00e4fte von KMU; Verwaltung regionaler Gesch\u00e4fte; Buchhaltung, Wirtschaftspr\u00fcfung und Unternehmensf\u00fchrung; Wirtschaft und Unternehmensf\u00fchrung im Tourismus- und Gastgewerbe; Finanz-, Bankwesen, Versicherungen; Besteuerung und Finanzmanagement; Organisationsmanagement; Marketing und Gesch\u00e4ftskommunikation, Europ\u00e4ische Wirtschaftsbeziehungen; Betriebswirtschaft; Internationale Betriebswirtschaft; Fortgeschrittenes Management\t\t\t\t\t<\/p>\n\t\t\t\t\t\t\t<\/div>\n\n\t\t<\/div>\n\t\t\t\t\t\t<\/div>\n\t\t\t\t<\/div>\n\t\t\t\t<div class=\"elementor-element elementor-element-40ccaa6 elementor-widget__width-inherit elementor-widget-tablet__width-initial elementor-widget elementor-widget-ova_education\" data-id=\"40ccaa6\" data-element_type=\"widget\" data-widget_type=\"ova_education.default\">\n\t\t\t\t<div class=\"elementor-widget-container\">\n\t\t\t\t\t\t\t<div class=\"ova-education\">\n\t\t\t<div class=\"dot-education\">\n\t\t\t\t<span><\/span>\n\t\t\t<\/div>\n\t\t\t<div class=\"content-education\">\n\t\t\t\t\t\t\t\t\t<h3 class=\"time\">\n\t\t\t\t\t\t4 akkreditierte Doktoratsbereiche\t\t\t\t\t<\/h3>\n\t\t\t\t\n\t\t\t\t\t\t\t\t\t\t\t\t\t<p class=\"college\">\n\t\t\t\t\t\tBetriebswirtschaft, Wirtschaftswisenschaften und Finanzwesen im Rahmen der Doktoratsschule f\u00fcr Wirtschaftswissenschaften.\t\t\t\t\t<\/p>\n\t\t\t\t\t\t\t<\/div>\n\n\t\t<\/div>\n\t\t\t\t\t\t<\/div>\n\t\t\t\t<\/div>\n\t\t\t\t<\/div>\n\t\t\t\t<div class=\"elementor-element elementor-element-fc4e9ae elementor-widget elementor-widget-text-editor\" data-id=\"fc4e9ae\" data-element_type=\"widget\" data-widget_type=\"text-editor.default\">\n\t\t\t\t<div class=\"elementor-widget-container\">\n\t\t\t\t\t\t\t\t\t<p>Wir laden Sie ein, von allen M\u00f6glichkeiten, Projekten und au\u00dferschulischen Aktivit\u00e4ten zu profitieren, die Ihnen die Wirtschaftswissenschaftliche Fakult\u00e4t der Universit\u00e4t von Oradea zusammen mit ihren Partnern bietet, um kontinuierlich zu lernen und sich weiterzuentwickeln, damit wir gemeinsam eine erfolgreiche Zukunft f\u00fcr uns alle gestalten k\u00f6nnen.<\/p>\t\t\t\t\t\t\t\t<\/div>\n\t\t\t\t<\/div>\n\t\t\t\t<div class=\"elementor-element elementor-element-a3558c3 elementor-widget elementor-widget-text-editor\" data-id=\"a3558c3\" data-element_type=\"widget\" data-widget_type=\"text-editor.default\">\n\t\t\t\t<div class=\"elementor-widget-container\">\n\t\t\t\t\t\t\t\t\t<p class=\" translation-block\"><strong>Die beste Visitenkarte sind f\u00fcr uns unsere Wirtschaftsabsolventen!<\/strong><br>\nDekan der Wirtschaftswissenschaftlichen Fakult\u00e4t, Universit\u00e4t von Oradea<br>\nProf. Dr. habil. Claudia-Diana Sab\u0103u-Popa<br><\/p>\t\t\t\t\t\t\t\t<\/div>\n\t\t\t\t<\/div>\n\t\t\t\t<div class=\"elementor-element elementor-element-478c023 elementor-widget elementor-widget-image\" data-id=\"478c023\" data-element_type=\"widget\" data-widget_type=\"image.default\">\n\t\t\t\t<div class=\"elementor-widget-container\">\n\t\t\t\t\t\t\t\t\t\t\t\t\t\t\t<img decoding=\"async\" width=\"1024\" height=\"500\" src=\"https:\/\/steconomice.uoradea.ro\/wp-content\/uploads\/2025\/01\/FSE-UO-Diana-Sabau-Popa2.png\" class=\"attachment-full size-full wp-image-7876\" alt=\"\" srcset=\"https:\/\/steconomice.uoradea.ro\/wp-content\/uploads\/2025\/01\/FSE-UO-Diana-Sabau-Popa2.png 1024w, https:\/\/steconomice.uoradea.ro\/wp-content\/uploads\/2025\/01\/FSE-UO-Diana-Sabau-Popa2-300x146.png 300w, https:\/\/steconomice.uoradea.ro\/wp-content\/uploads\/2025\/01\/FSE-UO-Diana-Sabau-Popa2-768x375.png 768w, https:\/\/steconomice.uoradea.ro\/wp-content\/uploads\/2025\/01\/FSE-UO-Diana-Sabau-Popa2-18x9.png 18w, https:\/\/steconomice.uoradea.ro\/wp-content\/uploads\/2025\/01\/FSE-UO-Diana-Sabau-Popa2-600x293.png 600w, https:\/\/steconomice.uoradea.ro\/wp-content\/uploads\/2025\/01\/FSE-UO-Diana-Sabau-Popa2-560x273.png 560w\" sizes=\"(max-width: 1024px) 100vw, 1024px\" \/>\t\t\t\t\t\t\t\t\t\t\t\t\t\t\t<\/div>\n\t\t\t\t<\/div>\n\t\t\t\t<\/div>\n\t\t\t\t\t<\/div>\n\t\t\t\t<\/div>\n\t\t\t\t<\/div>","protected":false},"excerpt":{"rendered":"<p>Mesajul Decanului Prof.univ.dr. habil. Claudia-Diana Sab\u0103u-Popa Decanul Facult\u0103\u021bii de \u0218tiin\u021be Economice Departamentul de Finan\u021be-Contabilitate Experien\u021b\u0103: 20 ani E-mail: dpopa@uoradea.ro Curriculum Vitae Facultatea noastr\u0103 formeaz\u0103 speciali\u0219ti \u00een domenii precum afaceri interna\u021bionale, contabilitate, economie, finan\u021be, marketing \u0219i management, contribuind la dezvoltarea comunit\u0103\u021bii. Al\u0103tura\u021bi-v\u0103 Facult\u0103\u021bii de \u0218tiin\u021be Economice \u0219i profita\u021bi de oportunit\u0103\u021bile \u0219i proiectele oferite pentru a v\u0103 [&hellip;]<\/p>\n","protected":false},"author":1,"featured_media":0,"parent":0,"menu_order":0,"comment_status":"closed","ping_status":"closed","template":"elementor_header_footer","meta":{"footnotes":""},"folder":[110],"class_list":["post-7638","page","type-page","status-publish","hentry"],"_links":{"self":[{"href":"https:\/\/steconomice.uoradea.ro\/de\/wp-json\/wp\/v2\/pages\/7638","targetHints":{"allow":["GET"]}}],"collection":[{"href":"https:\/\/steconomice.uoradea.ro\/de\/wp-json\/wp\/v2\/pages"}],"about":[{"href":"https:\/\/steconomice.uoradea.ro\/de\/wp-json\/wp\/v2\/types\/page"}],"author":[{"embeddable":true,"href":"https:\/\/steconomice.uoradea.ro\/de\/wp-json\/wp\/v2\/users\/1"}],"replies":[{"embeddable":true,"href":"https:\/\/steconomice.uoradea.ro\/de\/wp-json\/wp\/v2\/comments?post=7638"}],"version-history":[{"count":64,"href":"https:\/\/steconomice.uoradea.ro\/de\/wp-json\/wp\/v2\/pages\/7638\/revisions"}],"predecessor-version":[{"id":12506,"href":"https:\/\/steconomice.uoradea.ro\/de\/wp-json\/wp\/v2\/pages\/7638\/revisions\/12506"}],"wp:attachment":[{"href":"https:\/\/steconomice.uoradea.ro\/de\/wp-json\/wp\/v2\/media?parent=7638"}],"wp:term":[{"taxonomy":"folder","embeddable":true,"href":"https:\/\/steconomice.uoradea.ro\/de\/wp-json\/wp\/v2\/folder?post=7638"}],"curies":[{"name":"wp","href":"https:\/\/api.w.org\/{rel}","templated":true}]}}