{"id":10932,"date":"2025-11-20T16:53:47","date_gmt":"2025-11-20T14:53:47","guid":{"rendered":"https:\/\/steconomice.uoradea.ro\/?page_id=10932"},"modified":"2026-02-21T10:51:53","modified_gmt":"2026-02-21T08:51:53","slug":"burse","status":"publish","type":"page","link":"https:\/\/steconomice.uoradea.ro\/de\/burse\/","title":{"rendered":"Stipendien"},"content":{"rendered":"<div data-elementor-type=\"wp-page\" data-elementor-id=\"10932\" class=\"elementor elementor-10932\" data-elementor-post-type=\"page\">\n\t\t\t\t<div class=\"elementor-element elementor-element-e697532 e-flex e-con-boxed e-con e-parent\" data-id=\"e697532\" data-element_type=\"container\">\n\t\t\t\t\t<div class=\"e-con-inner\">\n\t\t\t\t<div class=\"elementor-element elementor-element-5104671 elementor-widget elementor-widget-heading\" data-id=\"5104671\" data-element_type=\"widget\" data-widget_type=\"heading.default\">\n\t\t\t\t<div class=\"elementor-widget-container\">\n\t\t\t\t\t<h2 class=\"elementor-heading-title elementor-size-default\">BURSE<\/h2>\t\t\t\t<\/div>\n\t\t\t\t<\/div>\n\t\t\t\t\t<\/div>\n\t\t\t\t<\/div>\n\t\t<div class=\"elementor-element elementor-element-e7f6e49 e-flex e-con-boxed e-con e-parent\" data-id=\"e7f6e49\" data-element_type=\"container\">\n\t\t\t\t\t<div class=\"e-con-inner\">\n\t\t\t\t<div class=\"elementor-element elementor-element-4fdc397 elementor-widget elementor-widget-text-editor\" data-id=\"4fdc397\" data-element_type=\"widget\" data-widget_type=\"text-editor.default\">\n\t\t\t\t<div class=\"elementor-widget-container\">\n\t\t\t\t\t\t\t\t\t<h2 data-start=\"65\" data-end=\"117\">ANUN\u021a \u2013 Depunere dosare burse, sem. II, 2025\u20132026<\/h2><p data-start=\"119\" data-end=\"273\">Studen\u021bii Facult\u0103\u021bii de \u0218tiin\u021be Economice pot depune dosarele pentru burse (performan\u021b\u0103 \u0219tiin\u021bific\u0103, speciale, sociale \u0219i sociale ocazionale) \u00een perioada:<\/p><p data-start=\"275\" data-end=\"315\"><strong data-start=\"275\" data-end=\"315\">\ud83d\udcc5 23 februarie 2026 \u2013 6 martie 2026<\/strong><\/p><p data-start=\"317\" data-end=\"439\">Depunerea se face la secretariatul facult\u0103\u021bii, pe baza unei program\u0103ri online:<br data-start=\"395\" data-end=\"398\" \/>\ud83d\udc49 <a class=\"decorated-link\" href=\"https:\/\/fse-programare.appointlet.com\/\" target=\"_new\" rel=\"noopener\" data-start=\"401\" data-end=\"439\">https:\/\/fse-programare.appointlet.com\/<\/a><\/p><p data-start=\"441\" data-end=\"567\">\ud83d\udcce Pentru informa\u021bii suplimentare, v\u0103 rug\u0103m s\u0103 consulta\u021bi documentele ata\u0219ate mai jos.<\/p><p data-start=\"441\" data-end=\"567\"><a href=\"http:\/\/steconomice.uoradea.ro\/wp-content\/uploads\/2026\/02\/Anunt-pentru-burse-sem-II-an-universitar-2025-2026-.pdf\">Anunt pentru burse sem II, an universitar 2025-2026<\/a><\/p><p data-start=\"441\" data-end=\"567\"><a href=\"http:\/\/steconomice.uoradea.ro\/wp-content\/uploads\/2026\/02\/Adresa-salariu-de-baza-minim-net.pdf\">Adresa &#8211; salariu de baza minim net<\/a><\/p><p data-start=\"441\" data-end=\"567\"><a href=\"http:\/\/steconomice.uoradea.ro\/wp-content\/uploads\/2026\/02\/Anexa-3_Cerere-de-acordare-a-bursei-speciale_de-preformanta-stiintifica.pdf\">Anexa 3_Cerere de acordare a bursei speciale_de preformanta stiintifica<\/a><\/p><p data-start=\"441\" data-end=\"567\"><a href=\"http:\/\/steconomice.uoradea.ro\/wp-content\/uploads\/2026\/02\/Anexa-4a_Acord-prelucrare-date-cu-caracter-personal_Student.pdf\">Anexa 4a_Acord prelucrare date cu caracter personal_Student<\/a><\/p><p data-start=\"441\" data-end=\"567\"><a href=\"http:\/\/steconomice.uoradea.ro\/wp-content\/uploads\/2026\/02\/Regulament-UO-burse_HS-28_30.10.2025_Anexa-47.pdf\">Regulament UO burse_HS-28_30.10.2025_Anexa-47<\/a><\/p><p data-start=\"441\" data-end=\"567\"><a href=\"http:\/\/steconomice.uoradea.ro\/wp-content\/uploads\/2026\/02\/Criterii-proprii-de-acordare-a-burselor-pentru-studentii-FSE_final.pdf\">Criterii-proprii-de-acordare-a-burselor-pentru-studentii-FSE<\/a><\/p><p data-start=\"441\" data-end=\"567\"><a href=\"http:\/\/steconomice.uoradea.ro\/wp-content\/uploads\/2026\/02\/Solicitare_Medic_UO_pt_bolnavii_cronici.pdf\">Solicitare_Medic_UO_pt_bolnavii_cronici<\/a><\/p><p data-start=\"441\" data-end=\"567\"><a href=\"http:\/\/steconomice.uoradea.ro\/wp-content\/uploads\/2026\/02\/Anexa-4b_Acord-prelucrare-date-cu-caracter-personal_membri-de-familie.pdf\">Anexa 4b_Acord prelucrare date cu caracter personal_membri de familie<\/a><\/p><p data-start=\"441\" data-end=\"567\"><a href=\"http:\/\/steconomice.uoradea.ro\/wp-content\/uploads\/2026\/02\/Anexa-4c_Certificat-medical.pdf\">Anexa 4c_Certificat medical<\/a><\/p><p data-start=\"441\" data-end=\"567\"><a href=\"http:\/\/steconomice.uoradea.ro\/wp-content\/uploads\/2026\/02\/Anexa-4-_Cerere-pentru-acordarea-burselor-de-ajutor-social.pdf\">Anexa 4 _Cerere pentru acordarea burselor de ajutor social<\/a><\/p><p data-start=\"441\" data-end=\"567\"><a href=\"http:\/\/steconomice.uoradea.ro\/wp-content\/uploads\/2026\/02\/Anexa-2_Calendar-general-de-acordare-a-burselor-la-Universitatea-din-Oradea.pdf\">Anexa 2_Calendar general de acordare a burselor la Universitatea din Oradea<\/a><\/p><p data-start=\"441\" data-end=\"567\"><a href=\"http:\/\/steconomice.uoradea.ro\/wp-content\/uploads\/2026\/02\/Anexa-1_Tipul-si-cuantumul-burselor-acordate-de-Universitatea-din-Oradea.pdf\">Anexa 1_Tipul si cuantumul burselor acordate de Universitatea din Oradea<\/a><\/p>\t\t\t\t\t\t\t\t<\/div>\n\t\t\t\t<\/div>\n\t\t\t\t\t<\/div>\n\t\t\t\t<\/div>\n\t\t\t\t<\/div>","protected":false},"excerpt":{"rendered":"<p>BURSE ANUN\u021a \u2013 Depunere dosare burse, sem. II, 2025\u20132026 Studen\u021bii Facult\u0103\u021bii de \u0218tiin\u021be Economice pot depune dosarele pentru burse (performan\u021b\u0103 \u0219tiin\u021bific\u0103, speciale, sociale \u0219i sociale ocazionale) \u00een perioada: \ud83d\udcc5 23 februarie 2026 \u2013 6 martie 2026 Depunerea se face la secretariatul facult\u0103\u021bii, pe baza unei program\u0103ri online:\ud83d\udc49 https:\/\/fse-programare.appointlet.com\/ \ud83d\udcce Pentru informa\u021bii suplimentare, v\u0103 rug\u0103m s\u0103 [&hellip;]<\/p>\n","protected":false},"author":4,"featured_media":0,"parent":0,"menu_order":0,"comment_status":"closed","ping_status":"closed","template":"","meta":{"footnotes":""},"folder":[110],"class_list":["post-10932","page","type-page","status-publish","hentry"],"_links":{"self":[{"href":"https:\/\/steconomice.uoradea.ro\/de\/wp-json\/wp\/v2\/pages\/10932","targetHints":{"allow":["GET"]}}],"collection":[{"href":"https:\/\/steconomice.uoradea.ro\/de\/wp-json\/wp\/v2\/pages"}],"about":[{"href":"https:\/\/steconomice.uoradea.ro\/de\/wp-json\/wp\/v2\/types\/page"}],"author":[{"embeddable":true,"href":"https:\/\/steconomice.uoradea.ro\/de\/wp-json\/wp\/v2\/users\/4"}],"replies":[{"embeddable":true,"href":"https:\/\/steconomice.uoradea.ro\/de\/wp-json\/wp\/v2\/comments?post=10932"}],"version-history":[{"count":11,"href":"https:\/\/steconomice.uoradea.ro\/de\/wp-json\/wp\/v2\/pages\/10932\/revisions"}],"predecessor-version":[{"id":11828,"href":"https:\/\/steconomice.uoradea.ro\/de\/wp-json\/wp\/v2\/pages\/10932\/revisions\/11828"}],"wp:attachment":[{"href":"https:\/\/steconomice.uoradea.ro\/de\/wp-json\/wp\/v2\/media?parent=10932"}],"wp:term":[{"taxonomy":"folder","embeddable":true,"href":"https:\/\/steconomice.uoradea.ro\/de\/wp-json\/wp\/v2\/folder?post=10932"}],"curies":[{"name":"wp","href":"https:\/\/api.w.org\/{rel}","templated":true}]}}